{"id":327,"date":"2025-11-27T15:23:14","date_gmt":"2025-11-27T14:23:14","guid":{"rendered":"https:\/\/punchout-gateway.com\/informativa-sulla-privacy\/"},"modified":"2026-03-12T14:07:39","modified_gmt":"2026-03-12T13:07:39","slug":"informativa-sulla-privacy","status":"publish","type":"page","link":"https:\/\/punchout-gateway.com\/it\/informativa-sulla-privacy\/","title":{"rendered":"Informativa sulla Privacy"},"content":{"rendered":"\n<p><strong>Informativa per gli interessati ai sensi dell&#8217;Articolo 13 del Regolamento Europeo UE 2016\/679<\/strong><strong>Regolamento relativo alla protezione delle persone fisiche con riguardo al trattamento dei dati personali<\/strong><strong>GDPR (General Data Protection Regulation \u2013 Regolamento UE 679\/2016)<\/strong><strong>Codice della Privacy D.Lgs 196\/2003 (come modificato dal D.Lgs 101\/2018)<\/strong><strong>WEBLINK SRL<\/strong> desidera informare gli interessati che i dati personali relativi o riferibili all&#8217;interessato sono trattati dalla Societ\u00e0 nel pieno rispetto della normativa vigente in materia di protezione dei dati e degli obblighi di riservatezza che ci hanno sempre guidato. Per \u201ctrattamento di dati personali\u201d si intende qualsiasi operazione o insieme di operazioni, compiute anche senza l&#8217;ausilio di strumenti elettronici, concernenti la raccolta, la registrazione, l&#8217;organizzazione, la conservazione, la consultazione, l&#8217;elaborazione, la modifica, la selezione, l&#8217;estrazione, il raffronto, l&#8217;utilizzo, l&#8217;interconnessione, il blocco, la comunicazione, la diffusione, la cancellazione e la distruzione di dati, anche se non registrati in una banca dati. Ai sensi dell&#8217;Articolo 13 del GDPR (Regolamento UE 679\/2016), in merito ai dati personali che trattiamo a seguito dell&#8217;instaurazione di reciproci rapporti commerciali e, ove applicabile, contrattuali, forniamo le seguenti informazioni.   <strong> <\/strong><strong>Titolare del trattamento<\/strong> Il \u201cTitolare del trattamento\u201d a tutti gli effetti di legge \u00e8 WEBLINK SRL, con sede amministrativa in Via Manin 30, telefono: 0332\/239546, email: <a>privacy@weblink.it.<\/a><strong>Finalit\u00e0 del trattamento dei dati<\/strong><\/p>\n\n<p>I dati personali dell&#8217;interessato sono trattati per soddisfare i requisiti contrattuali e adempiere ai relativi obblighi legali e fiscali, nonch\u00e9 per consentire l&#8217;efficace gestione dei rapporti finanziari e commerciali. Tale trattamento avverr\u00e0 per l&#8217;intera durata del rapporto contrattuale e, successivamente, per l&#8217;adempimento degli obblighi di legge e per finalit\u00e0 amministrative e commerciali. In caso di iscrizione al servizio di Newsletter disponibile registrandosi sulla pagina dedicata del sito web <a href=\"http:\/\/www.weblink.it\/\">www.weblink.it<\/a> (o altri siti web di propriet\u00e0 di Weblink), i dati personali forniti volontariamente dall&#8217;interessato saranno trattati: <\/p>\n\n<ul class=\"wp-block-list\">\n<li>per inviare email riguardanti nuovi prodotti, iniziative commerciali, fiere o eventi;<\/li>\n\n\n\n<li>per telefonate effettuate dal personale interno.<\/li>\n<\/ul>\n\n<p>Nell&#8217;ambito delle finalit\u00e0 per le quali i dati personali sono raccolti, WEBLINK SRL tratta tali dati in conformit\u00e0 ai principi di correttezza, liceit\u00e0, trasparenza e tutela della riservatezza e dei diritti dell&#8217;interessato. <strong>Natura del conferimento dei dati<\/strong> I dati personali sono sempre raccolti direttamente presso l&#8217;interessato. Il conferimento di tali dati, necessari per le finalit\u00e0 descritte, \u00e8 essenziale per la piena esecuzione delle attivit\u00e0 di comunicazione, marketing, commerciali e potenzialmente contrattuali. L&#8217;eventuale rifiuto a fornire tali dati pu\u00f2 comportare la consegna incompleta o parziale dei servizi della Societ\u00e0. <strong>Modalit\u00e0 di trattamento<\/strong> Il trattamento dei dati \u00e8 effettuato in conformit\u00e0 ai principi di correttezza, liceit\u00e0 e trasparenza, utilizzando strumenti e procedure idonei a garantire la sicurezza e la riservatezza dei dati. Il trattamento pu\u00f2 essere condotto sia su supporto cartaceo che con l&#8217;ausilio di strumenti elettronici. Vengono impiegate misure di sicurezza adeguate per ridurre al minimo il rischio di accesso non autorizzato da parte di terzi, distruzione e\/o deterioramento dei dati, garantendo la riservatezza in conformit\u00e0 all&#8217;Articolo 32 del GDPR. <strong>Conservazione dei dati personali<\/strong> I Dati Personali saranno conservati solo per il tempo necessario a soddisfare le finalit\u00e0 per cui sono stati raccolti, nel rispetto del principio di minimizzazione di cui all&#8217;Articolo 5, paragrafo 1, lettera c) del GDPR, nonch\u00e9 degli obblighi di legge applicabili al Titolare del trattamento. Ulteriori informazioni riguardanti i periodi di conservazione e trattamento sono disponibili presso il Titolare del trattamento. <strong>Comunicazione dei dati<\/strong> I dati personali non saranno diffusi in alcun modo ma potranno essere comunicati:     <\/p>\n\n<ul class=\"wp-block-list\">\n<li>al personale autorizzato, debitamente nominato, per il trattamento all&#8217;interno della Societ\u00e0;<\/li>\n\n\n\n<li>a enti e associazioni affiliate alla Societ\u00e0;<\/li>\n\n\n\n<li>a soggetti che necessitano di accedere a tali dati per finalit\u00e0 accessorie al rapporto tra la nostra Societ\u00e0 e l&#8217;interessato, strettamente nei limiti necessari per svolgere i compiti ausiliari loro affidati, quali: istituti finanziari;<\/li>\n\n\n\n<li>a societ\u00e0 di consulenza amministrativa (commercialisti), debitamente nominati come responsabili esterni del trattamento.<\/li>\n<\/ul>\n\n<p><strong>Categorie particolari di dati personali.<\/strong> In fase di invio di un curriculum, ai sensi degli Articoli 26 e 27 del Codice della Privacy e degli Articoli 9 e 10 del GDPR 2016\/679, l&#8217;interessato pu\u00f2 fornire volontariamente alla Societ\u00e0 dati classificati come \u201ccategorie particolari di dati personali\u201d (ovvero dati che rivelino \u201cl&#8217;origine razziale o etnica, le opinioni politiche, le convinzioni religiose o filosofiche, o l&#8217;appartenenza sindacale\u2026 dati genetici, dati biometrici intesi a identificare in modo univoco una persona fisica, dati relativi alla salute o alla vita sessuale o all&#8217;orientamento sessuale\u201d). Tali dati possono essere trattati dalla Societ\u00e0 solo previo consenso scritto dell&#8217;interessato. <strong>Diritti dell&#8217;interessato<\/strong> L&#8217;interessato, ai sensi del GDPR (Articoli 15, 16, 17, 18, 20, 21, 22), pu\u00f2 esercitare i seguenti diritti nei confronti della Societ\u00e0 (inviando un&#8217;email a privacy@weblink.it), cos\u00ec riassunti: <\/p>\n\n<ol class=\"wp-block-list\">\n<li>Ottenere la conferma che sia o meno in corso un trattamento di dati personali che lo riguardano e, in tal caso, l&#8217;accesso ai dati personali e a tutte le informazioni previste dall&#8217;Articolo 15 del GDPR;<\/li>\n\n\n\n<li>Ottenere la rettifica dei dati personali inesatti che lo riguardano senza ingiustificato ritardo. Tenuto conto delle finalit\u00e0 del trattamento, ha il diritto di ottenere l&#8217;integrazione dei dati personali incompleti, anche fornendo una dichiarazione integrativa; <\/li>\n\n\n\n<li>Ottenere la cancellazione dei dati personali che lo riguardano senza ingiustificato ritardo;<\/li>\n\n\n\n<li>Ottenere la limitazione del trattamento quando ricorre una delle ipotesi previste dall&#8217;Articolo 18 del GDPR;<\/li>\n\n\n\n<li>Ricevere in un formato strutturato, di uso comune e leggibile da dispositivo automatico i dati personali che lo riguardano forniti alla Societ\u00e0;<\/li>\n\n\n\n<li>Opporsi in qualsiasi momento, per motivi connessi alla sua situazione particolare, al trattamento dei dati personali che lo riguardano ai sensi dell&#8217;Articolo 6, paragrafo 1, lettere (e) o (f) del GDPR. In tali casi, la Societ\u00e0 si asterr\u00e0 dal trattare ulteriormente i dati personali salvo che dimostri l&#8217;esistenza di motivi legittimi cogenti per procedere al trattamento che prevalgono sugli interessi, sui diritti e sulle libert\u00e0 dell&#8217;interessato, oppure per l&#8217;accertamento, l&#8217;esercizio o la difesa di un diritto in sede giudiziaria;   <\/li>\n\n\n\n<li>Non essere sottoposto a una decisione basata esclusivamente sul trattamento automatizzato che produca effetti giuridici che lo riguardano o che incida in modo analogo significativamente sulla sua persona. Questo diritto non si applica nei casi disciplinati dall&#8217;Articolo 22, paragrafo 2, del GDPR; <\/li>\n\n\n\n<li>Proporre reclamo all&#8217;autorit\u00e0 di controllo se ritiene che i propri dati siano stati trattati in modo illecito. <strong> <\/strong><\/li>\n<\/ol>\n\n<p><strong>Uso dei Cookie<\/strong><\/p>\n\n<p>Al fine di rendere i propri servizi il pi\u00f9 efficienti e semplici possibile da utilizzare, questo Sito Web utilizza i cookie. Pertanto, quando visiti il Sito, viene memorizzata una quantit\u00e0 minima di informazioni sul dispositivo dell&#8217;Utente, come piccoli file di testo chiamati \u201ccookie\u201d, che vengono salvati nella directory del browser web dell&#8217;Utente. Esistono diversi tipi di cookie, ma essenzialmente lo scopo principale di un cookie \u00e8 far funzionare il Sito in modo pi\u00f9 efficace e abilitare determinate funzionalit\u00e0.  <\/p>\n\n<p>I cookie sono utilizzati per migliorare l&#8217;esperienza di navigazione complessiva dell&#8217;Utente. Nello specifico: <\/p>\n\n<ul class=\"wp-block-list\">\n<li>Consentono la navigazione efficiente da una pagina all&#8217;altra del sito web.<\/li>\n\n\n\n<li>Memorizzano il nome utente e le preferenze inserite.<\/li>\n\n\n\n<li>Evitano che l&#8217;Utente debba inserire le stesse informazioni (come nome utente e password) pi\u00f9 volte durante la visita.<\/li>\n\n\n\n<li>Misurano come gli utenti utilizzano i servizi, per ottimizzare l&#8217;esperienza di navigazione e i servizi stessi.<\/li>\n\n\n\n<li>Mostrano pubblicit\u00e0 mirata in base agli interessi e al comportamento dell&#8217;Utente durante la navigazione.<\/li>\n<\/ul>\n\n<p>Esistono vari tipi di cookie. Di seguito sono riportati i tipi di cookie che possono essere utilizzati sul Sito, insieme a una descrizione della loro finalit\u00e0. <\/p>\n\n<h3 class=\"wp-block-heading\">Cookie Tecnici<\/h3>\n\n<p>Questi cookie sono necessari per il corretto funzionamento di alcune aree del sito. Questa categoria include sia i cookie persistenti che i cookie di sessione. Senza questi cookie, il sito o parti di esso potrebbero non funzionare correttamente. Pertanto, vengono sempre utilizzati, indipendentemente dalle preferenze dell&#8217;Utente. Questi cookie vengono sempre inviati dal nostro dominio.<\/p>\n\n<h3 class=\"wp-block-heading\">Cookie Analitici<\/h3>\n\n<p>Questi cookie sono utilizzati per raccogliere informazioni sull&#8217;utilizzo del sito. Il Titolare utilizza queste informazioni per analisi statistiche, per migliorare il sito e semplificarne l&#8217;uso, nonch\u00e9 per monitorarne il corretto funzionamento. Questo tipo di cookie raccoglie informazioni anonime sulle attivit\u00e0 dell&#8217;Utente sul sito e su come \u00e8 arrivato al Sito e alle pagine visitate. Questi cookie possono essere inviati dal Sito stesso o da domini di terze parti.<\/p>\n\n<h3 class=\"wp-block-heading\">Cookie di Tracciamento di Terze Parti<\/h3>\n\n<p>Questi cookie sono utilizzati per raccogliere informazioni sull&#8217;utilizzo del sito web da parte dei visitatori, incluse le parole chiave utilizzate per raggiungere il sito, i siti web visitati e le fonti di traffico da cui provengono i visitatori per le campagne di marketing. Il Titolare pu\u00f2 utilizzare queste informazioni per compilare report e migliorare il Sito. I cookie raccolgono informazioni in forma anonima. Questi cookie possono essere inviati dal Sito stesso o da domini di terze parti.<\/p>\n\n<h3 class=\"wp-block-heading\">Cookie per l&#8217;Integrazione di Funzionalit\u00e0 di Terze Parti<\/h3>\n\n<p>Questi cookie sono utilizzati per integrare funzionalit\u00e0 di terze parti nel Sito (come moduli per i commenti o icone di social media che consentono ai visitatori di condividere i contenuti del sito). Questi cookie possono essere inviati dai domini dei siti partner o da quelli che offrono le funzionalit\u00e0 presenti sul sito.<\/p>\n\n<p>Il Titolare non \u00e8 tenuto a richiedere il consenso dell&#8217;Utente per i cookie tecnici, in quanto questi sono strettamente necessari per la fornitura del servizio.<\/p>\n\n<p>Per gli altri tipi di cookie, il consenso pu\u00f2 essere espresso dall&#8217;Utente, in conformit\u00e0 alle normative vigenti, attraverso specifiche impostazioni nel browser e software o dispositivi che siano di facile e chiara fruizione per l&#8217;Utente. Il Titolare ricorda all&#8217;Utente che \u00e8 possibile modificare le preferenze sui cookie in qualsiasi momento. \u00c8 inoltre possibile disabilitare i cookie in qualsiasi momento nel browser, ma ci\u00f2 potrebbe impedire all&#8217;Utente di utilizzare alcune parti del Sito.<\/p>\n\n<h3 class=\"wp-block-heading\">Siti Web di Terze Parti<\/h3>\n\n<p>Il sito contiene collegamenti ad altri siti web che hanno una propria informativa sulla privacy. Queste informative sulla privacy possono differire da quella adottata dal Titolare, che non \u00e8 quindi responsabile per i siti web di terze parti.<\/p>\n\n<p>Ai sensi dell&#8217;Articolo 122, comma 2, del D.Lgs. 196\/2003, il consenso all&#8217;uso di tali cookie \u00e8 espresso dall&#8217;Utente mediante le impostazioni individuali che ha liberamente scelto per il browser utilizzato per la navigazione nel sito, ferma restando la facolt\u00e0 dell&#8217;Utente di comunicare in ogni momento la propria volont\u00e0 in merito ai dati gestiti per il tramite dei cookie accettati dal browser.<\/p>\n\n<h3 class=\"wp-block-heading\">Gestione dei Cookie<\/h3>\n\n<p>L&#8217;Utente pu\u00f2 decidere come gestire i cookie utilizzando le impostazioni del proprio browser (la procedura pu\u00f2 variare leggermente a seconda del sistema operativo utilizzato).<\/p>\n\n<p><strong>Google Chrome<\/strong><\/p>\n\n<ol class=\"wp-block-list\">\n<li>Clicca sull&#8217;icona delle opzioni, rappresentata da tre linee orizzontali, situata in alto a destra della finestra.<\/li>\n\n\n\n<li>Seleziona \u201cImpostazioni\u201d.<\/li>\n\n\n\n<li>In fondo alla pagina, clicca su \u201cMostra impostazioni avanzate\u201d (o \u201cAvanzate\u201d nelle versioni pi\u00f9 vecchie).<\/li>\n\n\n\n<li>Individua la sezione \u201cPrivacy\u201d e seleziona il pulsante \u201cImpostazioni contenuti\u201d.<\/li>\n\n\n\n<li>Gestisci la memorizzazione dei cookie nella sezione \u201cCookie\u201d.<\/li>\n<\/ol>\n\n<p><strong>Microsoft Internet Explorer (tutte le versioni)<\/strong><\/p>\n\n<ol class=\"wp-block-list\">\n<li>Clicca su \u201cStrumenti\u201d nella parte superiore della finestra del browser o sull&#8217;icona dell&#8217;ingranaggio in alto a destra e seleziona \u201cOpzioni Internet\u201d, quindi clicca sulla scheda \u201cPrivacy\u201d.<\/li>\n\n\n\n<li>Controlla il livello di privacy attuale e i permessi relativi alla gestione dei cookie.<\/li>\n<\/ol>\n\n<p><strong>Mozilla Firefox<\/strong><\/p>\n\n<ol class=\"wp-block-list\">\n<li>Clicca (a seconda della versione) su \u201cStrumenti\u201d nella parte superiore della finestra del browser o sull&#8217;icona con tre linee orizzontali in alto a destra.<\/li>\n\n\n\n<li>Seleziona \u201cOpzioni\u201d.<\/li>\n\n\n\n<li>Nella finestra delle opzioni, seleziona l&#8217;icona \u201cPrivacy\u201d.<\/li>\n\n\n\n<li>Nella sezione \u201cCronologia\u201d, seleziona \u201cUtilizza impostazioni personalizzate per la cronologia\u201d.<\/li>\n\n\n\n<li>Gestisci i cookie.<\/li>\n<\/ol>\n\n<p><strong>Safari<\/strong><\/p>\n\n<ol class=\"wp-block-list\">\n<li>Clicca sull&#8217;icona dell&#8217;ingranaggio nella parte superiore della finestra del browser e seleziona \u201cPreferenze\u201d.<\/li>\n\n\n\n<li>Clicca su \u201cPrivacy\u201d e gestisci le relative impostazioni.<\/li>\n<\/ol>\n\n<p><strong>Opera<\/strong><\/p>\n\n<ol class=\"wp-block-list\">\n<li>Clicca sul pulsante \u201cMenu\u201d nella parte superiore della finestra del browser e seleziona \u201cImpostazioni\u201d.<\/li>\n\n\n\n<li>Quindi seleziona \u201cPreferenze\u201d e clicca sulla scheda \u201cAvanzate\u201d.<\/li>\n\n\n\n<li>Nell&#8217;elenco a sinistra, seleziona \u201cCookie\u201d e gestisci le relative impostazioni.<\/li>\n<\/ol>\n\n<p><\/p>\n","protected":false},"excerpt":{"rendered":"<p>Informativa per gli interessati ai sensi dell&#8217;Articolo 13 del Regolamento Europeo UE 2016\/679Regolamento relativo alla protezione delle persone fisiche con riguardo al trattamento dei dati personaliGDPR (General Data Protection Regulation \u2013 Regolamento UE 679\/2016)Codice della Privacy D.Lgs 196\/2003 (come modificato dal D.Lgs 101\/2018)WEBLINK SRL desidera informare gli interessati che i dati personali relativi o riferibili&#8230;<\/p>\n","protected":false},"author":1,"featured_media":0,"parent":0,"menu_order":0,"comment_status":"closed","ping_status":"open","template":"","meta":{"_kad_post_transparent":"","_kad_post_title":"","_kad_post_layout":"","_kad_post_sidebar_id":"","_kad_post_content_style":"","_kad_post_vertical_padding":"","_kad_post_feature":"","_kad_post_feature_position":"","_kad_post_header":false,"_kad_post_footer":false,"_kad_post_classname":"","footnotes":""},"class_list":["post-327","page","type-page","status-publish","hentry"],"yoast_head":"<!-- This site is optimized with the Yoast SEO plugin v27.3 - https:\/\/yoast.com\/product\/yoast-seo-wordpress\/ -->\n<title>Informativa sulla Privacy - PunchOut Gateway<\/title>\n<meta name=\"robots\" content=\"index, follow, max-snippet:-1, max-image-preview:large, max-video-preview:-1\" \/>\n<link rel=\"canonical\" href=\"https:\/\/punchout-gateway.com\/it\/informativa-sulla-privacy\/\" \/>\n<meta property=\"og:locale\" content=\"it_IT\" \/>\n<meta property=\"og:type\" content=\"article\" \/>\n<meta property=\"og:title\" content=\"Informativa sulla Privacy - PunchOut Gateway\" \/>\n<meta property=\"og:description\" content=\"Informativa per gli interessati ai sensi dell&#8217;Articolo 13 del Regolamento Europeo UE 2016\/679Regolamento relativo alla protezione delle persone fisiche con riguardo al trattamento dei dati personaliGDPR (General Data Protection Regulation \u2013 Regolamento UE 679\/2016)Codice della Privacy D.Lgs 196\/2003 (come modificato dal D.Lgs 101\/2018)WEBLINK SRL desidera informare gli interessati che i dati personali relativi o riferibili...\" \/>\n<meta property=\"og:url\" content=\"https:\/\/punchout-gateway.com\/it\/informativa-sulla-privacy\/\" \/>\n<meta property=\"og:site_name\" content=\"PunchOut Gateway\" \/>\n<meta property=\"article:modified_time\" content=\"2026-03-12T13:07:39+00:00\" \/>\n<meta name=\"twitter:card\" content=\"summary_large_image\" \/>\n<meta name=\"twitter:label1\" content=\"Tempo di lettura stimato\" \/>\n\t<meta name=\"twitter:data1\" content=\"9 minuti\" \/>\n<script type=\"application\/ld+json\" class=\"yoast-schema-graph\">{\"@context\":\"https:\\\/\\\/schema.org\",\"@graph\":[{\"@type\":\"WebPage\",\"@id\":\"https:\\\/\\\/punchout-gateway.com\\\/it\\\/informativa-sulla-privacy\\\/\",\"url\":\"https:\\\/\\\/punchout-gateway.com\\\/it\\\/informativa-sulla-privacy\\\/\",\"name\":\"Informativa sulla Privacy - PunchOut Gateway\",\"isPartOf\":{\"@id\":\"https:\\\/\\\/punchout-gateway.com\\\/it\\\/#website\"},\"datePublished\":\"2025-11-27T14:23:14+00:00\",\"dateModified\":\"2026-03-12T13:07:39+00:00\",\"breadcrumb\":{\"@id\":\"https:\\\/\\\/punchout-gateway.com\\\/it\\\/informativa-sulla-privacy\\\/#breadcrumb\"},\"inLanguage\":\"it-IT\",\"potentialAction\":[{\"@type\":\"ReadAction\",\"target\":[\"https:\\\/\\\/punchout-gateway.com\\\/it\\\/informativa-sulla-privacy\\\/\"]}]},{\"@type\":\"BreadcrumbList\",\"@id\":\"https:\\\/\\\/punchout-gateway.com\\\/it\\\/informativa-sulla-privacy\\\/#breadcrumb\",\"itemListElement\":[{\"@type\":\"ListItem\",\"position\":1,\"name\":\"Home\",\"item\":\"https:\\\/\\\/punchout-gateway.com\\\/it\\\/\"},{\"@type\":\"ListItem\",\"position\":2,\"name\":\"Informativa sulla Privacy\"}]},{\"@type\":\"WebSite\",\"@id\":\"https:\\\/\\\/punchout-gateway.com\\\/it\\\/#website\",\"url\":\"https:\\\/\\\/punchout-gateway.com\\\/it\\\/\",\"name\":\"PunchOut Gateway\",\"description\":\"\",\"publisher\":{\"@id\":\"https:\\\/\\\/punchout-gateway.com\\\/it\\\/#organization\"},\"potentialAction\":[{\"@type\":\"SearchAction\",\"target\":{\"@type\":\"EntryPoint\",\"urlTemplate\":\"https:\\\/\\\/punchout-gateway.com\\\/it\\\/?s={search_term_string}\"},\"query-input\":{\"@type\":\"PropertyValueSpecification\",\"valueRequired\":true,\"valueName\":\"search_term_string\"}}],\"inLanguage\":\"it-IT\"},{\"@type\":\"Organization\",\"@id\":\"https:\\\/\\\/punchout-gateway.com\\\/it\\\/#organization\",\"name\":\"PunchOut Gateway\",\"url\":\"https:\\\/\\\/punchout-gateway.com\\\/it\\\/\",\"logo\":{\"@type\":\"ImageObject\",\"inLanguage\":\"it-IT\",\"@id\":\"https:\\\/\\\/punchout-gateway.com\\\/it\\\/#\\\/schema\\\/logo\\\/image\\\/\",\"url\":\"https:\\\/\\\/punchout-gateway.com\\\/wp-content\\\/uploads\\\/punchout.png\",\"contentUrl\":\"https:\\\/\\\/punchout-gateway.com\\\/wp-content\\\/uploads\\\/punchout.png\",\"width\":200,\"height\":161,\"caption\":\"PunchOut Gateway\"},\"image\":{\"@id\":\"https:\\\/\\\/punchout-gateway.com\\\/it\\\/#\\\/schema\\\/logo\\\/image\\\/\"}}]}<\/script>\n<!-- \/ Yoast SEO plugin. -->","yoast_head_json":{"title":"Informativa sulla Privacy - PunchOut Gateway","robots":{"index":"index","follow":"follow","max-snippet":"max-snippet:-1","max-image-preview":"max-image-preview:large","max-video-preview":"max-video-preview:-1"},"canonical":"https:\/\/punchout-gateway.com\/it\/informativa-sulla-privacy\/","og_locale":"it_IT","og_type":"article","og_title":"Informativa sulla Privacy - PunchOut Gateway","og_description":"Informativa per gli interessati ai sensi dell&#8217;Articolo 13 del Regolamento Europeo UE 2016\/679Regolamento relativo alla protezione delle persone fisiche con riguardo al trattamento dei dati personaliGDPR (General Data Protection Regulation \u2013 Regolamento UE 679\/2016)Codice della Privacy D.Lgs 196\/2003 (come modificato dal D.Lgs 101\/2018)WEBLINK SRL desidera informare gli interessati che i dati personali relativi o riferibili...","og_url":"https:\/\/punchout-gateway.com\/it\/informativa-sulla-privacy\/","og_site_name":"PunchOut Gateway","article_modified_time":"2026-03-12T13:07:39+00:00","twitter_card":"summary_large_image","twitter_misc":{"Tempo di lettura stimato":"9 minuti"},"schema":{"@context":"https:\/\/schema.org","@graph":[{"@type":"WebPage","@id":"https:\/\/punchout-gateway.com\/it\/informativa-sulla-privacy\/","url":"https:\/\/punchout-gateway.com\/it\/informativa-sulla-privacy\/","name":"Informativa sulla Privacy - PunchOut Gateway","isPartOf":{"@id":"https:\/\/punchout-gateway.com\/it\/#website"},"datePublished":"2025-11-27T14:23:14+00:00","dateModified":"2026-03-12T13:07:39+00:00","breadcrumb":{"@id":"https:\/\/punchout-gateway.com\/it\/informativa-sulla-privacy\/#breadcrumb"},"inLanguage":"it-IT","potentialAction":[{"@type":"ReadAction","target":["https:\/\/punchout-gateway.com\/it\/informativa-sulla-privacy\/"]}]},{"@type":"BreadcrumbList","@id":"https:\/\/punchout-gateway.com\/it\/informativa-sulla-privacy\/#breadcrumb","itemListElement":[{"@type":"ListItem","position":1,"name":"Home","item":"https:\/\/punchout-gateway.com\/it\/"},{"@type":"ListItem","position":2,"name":"Informativa sulla Privacy"}]},{"@type":"WebSite","@id":"https:\/\/punchout-gateway.com\/it\/#website","url":"https:\/\/punchout-gateway.com\/it\/","name":"PunchOut Gateway","description":"","publisher":{"@id":"https:\/\/punchout-gateway.com\/it\/#organization"},"potentialAction":[{"@type":"SearchAction","target":{"@type":"EntryPoint","urlTemplate":"https:\/\/punchout-gateway.com\/it\/?s={search_term_string}"},"query-input":{"@type":"PropertyValueSpecification","valueRequired":true,"valueName":"search_term_string"}}],"inLanguage":"it-IT"},{"@type":"Organization","@id":"https:\/\/punchout-gateway.com\/it\/#organization","name":"PunchOut Gateway","url":"https:\/\/punchout-gateway.com\/it\/","logo":{"@type":"ImageObject","inLanguage":"it-IT","@id":"https:\/\/punchout-gateway.com\/it\/#\/schema\/logo\/image\/","url":"https:\/\/punchout-gateway.com\/wp-content\/uploads\/punchout.png","contentUrl":"https:\/\/punchout-gateway.com\/wp-content\/uploads\/punchout.png","width":200,"height":161,"caption":"PunchOut Gateway"},"image":{"@id":"https:\/\/punchout-gateway.com\/it\/#\/schema\/logo\/image\/"}}]}},"_links":{"self":[{"href":"https:\/\/punchout-gateway.com\/it\/wp-json\/wp\/v2\/pages\/327","targetHints":{"allow":["GET"]}}],"collection":[{"href":"https:\/\/punchout-gateway.com\/it\/wp-json\/wp\/v2\/pages"}],"about":[{"href":"https:\/\/punchout-gateway.com\/it\/wp-json\/wp\/v2\/types\/page"}],"author":[{"embeddable":true,"href":"https:\/\/punchout-gateway.com\/it\/wp-json\/wp\/v2\/users\/1"}],"replies":[{"embeddable":true,"href":"https:\/\/punchout-gateway.com\/it\/wp-json\/wp\/v2\/comments?post=327"}],"version-history":[{"count":9,"href":"https:\/\/punchout-gateway.com\/it\/wp-json\/wp\/v2\/pages\/327\/revisions"}],"predecessor-version":[{"id":345,"href":"https:\/\/punchout-gateway.com\/it\/wp-json\/wp\/v2\/pages\/327\/revisions\/345"}],"wp:attachment":[{"href":"https:\/\/punchout-gateway.com\/it\/wp-json\/wp\/v2\/media?parent=327"}],"curies":[{"name":"wp","href":"https:\/\/api.w.org\/{rel}","templated":true}]}}