{"id":333,"date":"2025-11-27T15:23:14","date_gmt":"2025-11-27T14:23:14","guid":{"rendered":"https:\/\/punchout-gateway.com\/politica-de-privacidad\/"},"modified":"2026-03-12T14:07:11","modified_gmt":"2026-03-12T13:07:11","slug":"politica-de-privacidad","status":"publish","type":"page","link":"https:\/\/punchout-gateway.com\/es\/politica-de-privacidad\/","title":{"rendered":"Pol\u00edtica de privacidad"},"content":{"rendered":"\n<p><strong>Aviso de informaci\u00f3n para los interesados conforme al art\u00edculo 13 del Reglamento Europeo UE 2016\/679<\/strong><strong>Reglamento relativo a la protecci\u00f3n de las personas f\u00edsicas en lo que respecta al tratamiento de datos personales<\/strong><strong>RGPD (Reglamento General de Protecci\u00f3n de Datos \u2013 Reglamento UE 679\/2016)<\/strong><strong>C\u00f3digo de Privacidad D.Lgs 196\/2003 (modificado por D.Lgs 101\/2018)<\/strong><strong>WEBLINK SRL<\/strong> desea informar a los interesados que los datos personales relacionados o referibles al interesado son tratados por la Empresa en pleno cumplimiento de la normativa vigente en materia de protecci\u00f3n de datos y de las obligaciones de confidencialidad que siempre nos han guiado. Por \u201ctratamiento de datos personales\u201d se entiende cualquier operaci\u00f3n o conjunto de operaciones, realizadas incluso sin la ayuda de herramientas electr\u00f3nicas, relativas a la recogida, registro, organizaci\u00f3n, conservaci\u00f3n, consulta, elaboraci\u00f3n, modificaci\u00f3n, selecci\u00f3n, extracci\u00f3n, cotejo, uso, interconexi\u00f3n, bloqueo, comunicaci\u00f3n, difusi\u00f3n, supresi\u00f3n y destrucci\u00f3n de datos, incluso si no est\u00e1n registrados en una base de datos. Conforme al art\u00edculo 13 del RGPD (Reglamento UE 679\/2016), en relaci\u00f3n con los datos personales que tratamos tras el establecimiento de relaciones comerciales mutuas y, en su caso, contractuales, proporcionamos la siguiente informaci\u00f3n.   <strong> <\/strong><strong>Responsable del tratamiento de datos<\/strong> El \u201cResponsable del tratamiento de datos\u201d a todos los efectos legales es WEBLINK SRL, con domicilio administrativo en Via Manin 30, tel\u00e9fono: 0332\/239546, correo electr\u00f3nico: <a>privacy@weblink.it.<\/a><strong>Finalidad del tratamiento de datos<\/strong><\/p>\n\n<p>Los datos personales del interesado se tratan para cumplir con los requisitos contractuales y las obligaciones legales y fiscales relacionadas, as\u00ed como para permitir la gesti\u00f3n eficaz de las relaciones financieras y comerciales. Dicho tratamiento tendr\u00e1 lugar durante toda la duraci\u00f3n de la relaci\u00f3n contractual y, posteriormente, para el cumplimiento de las obligaciones legales y para fines administrativos y comerciales. En caso de suscripci\u00f3n al servicio de Newsletter disponible mediante el registro en la p\u00e1gina dedicada del sitio web <a href=\"http:\/\/www.weblink.it\/\">www.weblink.it<\/a> (u otros sitios web propiedad de Weblink), los datos personales proporcionados voluntariamente por el interesado ser\u00e1n tratados: <\/p>\n\n<ul class=\"wp-block-list\">\n<li>para enviar correos electr\u00f3nicos sobre nuevos productos, iniciativas comerciales, ferias o eventos;<\/li>\n\n\n\n<li>para llamadas telef\u00f3nicas realizadas por personal interno.<\/li>\n<\/ul>\n\n<p>Como parte de las finalidades para las que se recogen los datos personales, WEBLINK SRL trata dichos datos de acuerdo con los principios de lealtad, licitud, transparencia y protecci\u00f3n de la confidencialidad y los derechos del interesado. <strong>Naturaleza de la provisi\u00f3n de datos<\/strong> Los datos personales se recogen siempre directamente del interesado. La provisi\u00f3n de dichos datos, necesaria para los fines descritos, es esencial para la plena ejecuci\u00f3n de las actividades de comunicaci\u00f3n, marketing, comerciales y, potencialmente, contractuales. Cualquier negativa a proporcionar estos datos puede resultar en la entrega incompleta o parcial de los servicios de la Empresa. <strong>M\u00e9todos de tratamiento<\/strong> El tratamiento de datos se lleva a cabo de acuerdo con los principios de lealtad, licitud y transparencia, utilizando herramientas y procedimientos adecuados para garantizar la seguridad y confidencialidad de los datos. El tratamiento puede realizarse tanto en papel como con la ayuda de herramientas electr\u00f3nicas. Se emplean medidas de seguridad adecuadas para minimizar el riesgo de acceso no autorizado por parte de terceros, destrucci\u00f3n y\/o deterioro de datos, garantizando la confidencialidad en cumplimiento del art\u00edculo 32 del RGPD. <strong>Conservaci\u00f3n de datos personales<\/strong> Los datos personales se conservar\u00e1n solo durante el tiempo necesario para cumplir con los fines para los que fueron recogidos, en cumplimiento del principio de minimizaci\u00f3n establecido en el art\u00edculo 5, p\u00e1rrafo 1, letra c) del RGPD, as\u00ed como de las obligaciones legales aplicables al Responsable del tratamiento. Puede obtenerse m\u00e1s informaci\u00f3n sobre los per\u00edodos de conservaci\u00f3n y tratamiento del Responsable del tratamiento. <strong>Comunicaci\u00f3n de datos<\/strong> Los datos personales no se divulgar\u00e1n de ninguna manera, pero pueden comunicarse:     <\/p>\n\n<ul class=\"wp-block-list\">\n<li>al personal autorizado, debidamente designado, para el tratamiento dentro de la Empresa;<\/li>\n\n\n\n<li>a entidades y asociaciones afiliadas a la Empresa;<\/li>\n\n\n\n<li>a partes que requieran acceso a dichos datos para fines auxiliares a la relaci\u00f3n entre nuestra Empresa y el interesado, estrictamente dentro del \u00e1mbito necesario para realizar las tareas auxiliares que se les conf\u00edan, tales como: instituciones financieras;<\/li>\n\n\n\n<li>a empresas de consultor\u00eda administrativa (contables), debidamente designadas como encargados externos del tratamiento de datos.<\/li>\n<\/ul>\n\n<p><strong>Categor\u00edas especiales de datos personales.<\/strong>  Al presentar un curr\u00edculum, conforme a los art\u00edculos 26 y 27 del C\u00f3digo de Privacidad y los art\u00edculos 9 y 10 del RGPD 2016\/679, el interesado puede proporcionar voluntariamente a la Empresa datos clasificados como \u201ccategor\u00edas especiales de datos personales\u201d (es decir, datos que revelen \u201cel origen racial o \u00e9tnico, las opiniones pol\u00edticas, las convicciones religiosas o filos\u00f3ficas, o la afiliaci\u00f3n sindical\u2026 datos gen\u00e9ticos, datos biom\u00e9tricos dirigidos a identificar de manera un\u00edvoca a una persona f\u00edsica, datos relativos a la salud, la vida sexual o la orientaci\u00f3n sexual\u201d). Dichos datos solo podr\u00e1n ser tratados por la Empresa con el consentimiento previo por escrito del interesado. <strong>Derechos del interesado<\/strong> El interesado, conforme al RGPD (art\u00edculos 15, 16, 17, 18, 20, 21, 22), puede ejercer los siguientes derechos con respecto a la Empresa (enviando un correo electr\u00f3nico a privacy@weblink.it), resumidos de la siguiente manera: <\/p>\n\n<ol class=\"wp-block-list\">\n<li>Obtener confirmaci\u00f3n de si se est\u00e1n tratando o no datos personales que le conciernen y, en tal caso, acceso a los datos personales y a toda la informaci\u00f3n prevista en el art\u00edculo 15 del RGPD;<\/li>\n\n\n\n<li>Obtener sin dilaci\u00f3n indebida la rectificaci\u00f3n de los datos personales inexactos que le conciernan. Teniendo en cuenta los fines del tratamiento, tiene derecho a que se completen los datos personales incompletos, inclusive mediante una declaraci\u00f3n adicional; <\/li>\n\n\n\n<li>Obtener la supresi\u00f3n de los datos personales que le conciernan sin dilaci\u00f3n indebida;<\/li>\n\n\n\n<li>Obtener la limitaci\u00f3n del tratamiento cuando se cumpla alguna de las condiciones previstas en el art\u00edculo 18 del RGPD;<\/li>\n\n\n\n<li>Recibir en un formato estructurado, de uso com\u00fan y lectura mec\u00e1nica los datos personales que le conciernan y que haya facilitado a la Empresa;<\/li>\n\n\n\n<li>Oponerse en cualquier momento, por motivos relacionados con su situaci\u00f3n particular, al tratamiento de datos personales que le conciernan en virtud del art\u00edculo 6, apartado 1, letras e) o f) del RGPD. En tales casos, la Empresa se abstendr\u00e1 de seguir tratando los datos personales, salvo que existan motivos leg\u00edtimos imperiosos para el tratamiento que prevalezcan sobre los intereses, derechos y libertades del interesado, o para la formulaci\u00f3n, el ejercicio o la defensa de reclamaciones;   <\/li>\n\n\n\n<li>A no ser objeto de una decisi\u00f3n basada \u00fanicamente en el tratamiento automatizado que produzca efectos jur\u00eddicos sobre \u00e9l o le afecte significativamente de modo similar. Este derecho no se aplica en los casos regulados por el art\u00edculo 22, apartado 2, del RGPD; <\/li>\n\n\n\n<li>Presentar una reclamaci\u00f3n ante la autoridad de control si considera que sus datos han sido tratados ilegalmente. <strong> <\/strong><\/li>\n<\/ol>\n\n<p><strong>Uso de Cookies<\/strong><\/p>\n\n<p>Para que sus servicios sean lo m\u00e1s eficientes y f\u00e1ciles de usar posible, este sitio web utiliza cookies. Por lo tanto, cuando visita el sitio, se almacena una cantidad m\u00ednima de informaci\u00f3n en el dispositivo del usuario, como peque\u00f1os archivos de texto llamados \u201ccookies\u201d, que se guardan en el directorio del navegador web del usuario. Existen diferentes tipos de cookies, pero esencialmente, el prop\u00f3sito principal de una cookie es hacer que el sitio funcione de manera m\u00e1s efectiva y habilitar ciertas funciones.  <\/p>\n\n<p>Las cookies se utilizan para mejorar la experiencia de navegaci\u00f3n general del usuario. Espec\u00edficamente, permiten: <\/p>\n\n<ul class=\"wp-block-list\">\n<li>Navegar eficientemente de una p\u00e1gina a otra del sitio web.<\/li>\n\n\n\n<li>Almacenar el nombre de usuario y las preferencias introducidas.<\/li>\n\n\n\n<li>Evitar que el usuario introduzca la misma informaci\u00f3n (como nombre de usuario y contrase\u00f1a) varias veces durante la visita.<\/li>\n\n\n\n<li>Medir c\u00f3mo los usuarios utilizan los servicios, para optimizar la experiencia de navegaci\u00f3n y los propios servicios.<\/li>\n\n\n\n<li>Mostrar publicidad dirigida basada en los intereses y el comportamiento del usuario durante la navegaci\u00f3n.<\/li>\n<\/ul>\n\n<p>Existen varios tipos de cookies. A continuaci\u00f3n, se detallan los tipos de cookies que pueden utilizarse en el sitio, junto con una descripci\u00f3n de su finalidad. <\/p>\n\n<h3 class=\"wp-block-heading\">Cookies T\u00e9cnicas<\/h3>\n\n<p>Estas cookies son necesarias para el correcto funcionamiento de ciertas \u00e1reas del sitio. Esta categor\u00eda incluye tanto cookies persistentes como cookies de sesi\u00f3n. Sin estas cookies, el sitio o partes del mismo pueden no funcionar correctamente. Por lo tanto, siempre se utilizan, independientemente de las preferencias del usuario. Estas cookies siempre se env\u00edan desde nuestro dominio.    <\/p>\n\n<h3 class=\"wp-block-heading\">Cookies Anal\u00edticas<\/h3>\n\n<p>Estas cookies se utilizan para recopilar informaci\u00f3n sobre el uso del sitio. El Propietario utiliza esta informaci\u00f3n para an\u00e1lisis estad\u00edsticos, para mejorar el sitio y simplificar su uso, as\u00ed como para monitorear su correcto funcionamiento. Este tipo de cookie recopila informaci\u00f3n an\u00f3nima sobre las actividades del usuario en el sitio y c\u00f3mo llegaron al sitio y las p\u00e1ginas visitadas. Estas cookies pueden enviarse desde el propio sitio o desde dominios de terceros.   <\/p>\n\n<h3 class=\"wp-block-heading\">Cookies de Seguimiento de Terceros<\/h3>\n\n<p>Estas cookies se utilizan para recopilar informaci\u00f3n sobre el uso del sitio web por parte de los visitantes, incluidas las palabras clave utilizadas para llegar al sitio, los sitios web visitados y las fuentes de tr\u00e1fico de las que provienen los visitantes para campa\u00f1as de marketing. El Propietario puede utilizar esta informaci\u00f3n para elaborar informes y mejorar el sitio. Las cookies recopilan informaci\u00f3n de forma an\u00f3nima. Estas cookies pueden enviarse desde el propio sitio o desde dominios de terceros.   <\/p>\n\n<h3 class=\"wp-block-heading\">Cookies para la Integraci\u00f3n de Funciones de Terceros<\/h3>\n\n<p>Estas cookies se utilizan para integrar funciones de terceros en el sitio (como formularios de comentarios o iconos de redes sociales que permiten a los visitantes compartir el contenido del sitio). Estas cookies pueden ser enviadas por los dominios de sitios asociados o aquellos que ofrecen funciones presentes en el sitio. <\/p>\n\n<p>El Propietario no est\u00e1 obligado a solicitar el consentimiento del usuario para las cookies t\u00e9cnicas, ya que estas son estrictamente necesarias para la prestaci\u00f3n del servicio.<\/p>\n\n<p>Para otros tipos de cookies, el consentimiento puede ser expresado por el usuario, de acuerdo con la normativa vigente, a trav\u00e9s de configuraciones espec\u00edficas en el navegador y software o dispositivos que sean f\u00e1ciles y claros de usar para el usuario. El Propietario recuerda al usuario que es posible cambiar las preferencias de cookies en cualquier momento. Tambi\u00e9n es posible deshabilitar las cookies en cualquier momento en el navegador, pero hacerlo puede impedir que el usuario utilice algunas partes del sitio.  <\/p>\n\n<h3 class=\"wp-block-heading\">Sitios web de terceros<\/h3>\n\n<p>El sitio contiene enlaces a otros sitios web que tienen su propia pol\u00edtica de privacidad. Estas pol\u00edticas de privacidad pueden diferir de la adoptada por el Propietario, quien, por lo tanto, no es responsable de los sitios web de terceros. <\/p>\n\n<p>De acuerdo con el art\u00edculo 122, p\u00e1rrafo 2, del Decreto Legislativo 196\/2003, el consentimiento para el uso de estas cookies es otorgado por el usuario a trav\u00e9s de las configuraciones individuales que ha elegido libremente para el navegador utilizado para navegar por el sitio, sin perjuicio del derecho del usuario a comunicar en cualquier momento sus deseos con respecto a los datos gestionados por las cookies aceptadas por el navegador.<\/p>\n\n<h3 class=\"wp-block-heading\">Gesti\u00f3n de Cookies<\/h3>\n\n<p>El usuario puede decidir c\u00f3mo gestionar las cookies utilizando la configuraci\u00f3n de su navegador (el procedimiento puede variar ligeramente seg\u00fan el sistema operativo utilizado).<\/p>\n\n<p><strong>Google Chrome<\/strong><\/p>\n\n<ol class=\"wp-block-list\">\n<li>Haga clic en el icono de opciones, representado por tres l\u00edneas horizontales, situado en la parte superior derecha de la ventana.<\/li>\n\n\n\n<li>Seleccione \u201cConfiguraci\u00f3n\u201d.<\/li>\n\n\n\n<li>En la parte inferior de la p\u00e1gina, haga clic en \u201cMostrar configuraci\u00f3n avanzada\u201d (o \u201cAvanzada\u201d en versiones anteriores).<\/li>\n\n\n\n<li>Localice la secci\u00f3n \u201cPrivacidad\u201d y seleccione el bot\u00f3n \u201cConfiguraci\u00f3n de contenido\u201d.<\/li>\n\n\n\n<li>Gestione el almacenamiento de cookies en la secci\u00f3n \u201cCookies\u201d.<\/li>\n<\/ol>\n\n<p><strong>Microsoft Internet Explorer (todas las versiones)<\/strong><\/p>\n\n<ol class=\"wp-block-list\">\n<li>Haga clic en \u201cHerramientas\u201d en la parte superior de la ventana del navegador o en el icono de engranaje en la parte superior derecha y seleccione \u201cOpciones de Internet\u201d, luego haga clic en la pesta\u00f1a \u201cPrivacidad\u201d.<\/li>\n\n\n\n<li>Compruebe el nivel de privacidad actual y los permisos relacionados con la gesti\u00f3n de cookies.<\/li>\n<\/ol>\n\n<p><strong>Mozilla Firefox<\/strong><\/p>\n\n<ol class=\"wp-block-list\">\n<li>Haga clic (seg\u00fan la versi\u00f3n) en \u201cHerramientas\u201d en la parte superior de la ventana del navegador o en el icono con tres l\u00edneas horizontales en la parte superior derecha.<\/li>\n\n\n\n<li>Seleccione \u201cOpciones\u201d.<\/li>\n\n\n\n<li>En la ventana de opciones, seleccione el icono \u201cPrivacidad\u201d.<\/li>\n\n\n\n<li>En la secci\u00f3n \u201cHistorial\u201d, seleccione \u201cUsar configuraci\u00f3n personalizada para el historial\u201d.<\/li>\n\n\n\n<li>Gestione las cookies.<\/li>\n<\/ol>\n\n<p><strong>Safari<\/strong><\/p>\n\n<ol class=\"wp-block-list\">\n<li>Haga clic en el icono de engranaje en la parte superior de la ventana del navegador y seleccione \u201cPreferencias\u201d.<\/li>\n\n\n\n<li>Haga clic en \u201cPrivacidad\u201d y gestione la configuraci\u00f3n relacionada.<\/li>\n<\/ol>\n\n<p><strong>Opera<\/strong><\/p>\n\n<ol class=\"wp-block-list\">\n<li>Haga clic en el bot\u00f3n \u201cMen\u00fa\u201d en la parte superior de la ventana del navegador y seleccione \u201cConfiguraci\u00f3n\u201d.<\/li>\n\n\n\n<li>Luego seleccione \u201cPreferencias\u201d y haga clic en la pesta\u00f1a \u201cAvanzado\u201d.<\/li>\n\n\n\n<li>En la lista de la izquierda, seleccione \u201cCookies\u201d y gestione la configuraci\u00f3n relacionada.<\/li>\n<\/ol>\n\n<p><\/p>\n","protected":false},"excerpt":{"rendered":"<p>Aviso de informaci\u00f3n para los interesados conforme al art\u00edculo 13 del Reglamento Europeo UE 2016\/679Reglamento relativo a la protecci\u00f3n de las personas f\u00edsicas en lo que respecta al tratamiento de datos personalesRGPD (Reglamento General de Protecci\u00f3n de Datos \u2013 Reglamento UE 679\/2016)C\u00f3digo de Privacidad D.Lgs 196\/2003 (modificado por D.Lgs 101\/2018)WEBLINK SRL desea informar a los&#8230;<\/p>\n","protected":false},"author":1,"featured_media":0,"parent":0,"menu_order":0,"comment_status":"closed","ping_status":"open","template":"","meta":{"_kad_post_transparent":"","_kad_post_title":"","_kad_post_layout":"","_kad_post_sidebar_id":"","_kad_post_content_style":"","_kad_post_vertical_padding":"","_kad_post_feature":"","_kad_post_feature_position":"","_kad_post_header":false,"_kad_post_footer":false,"_kad_post_classname":"","footnotes":""},"class_list":["post-333","page","type-page","status-publish","hentry"],"yoast_head":"<!-- This site is optimized with the Yoast SEO plugin v27.3 - https:\/\/yoast.com\/product\/yoast-seo-wordpress\/ -->\n<title>Pol\u00edtica de privacidad - PunchOut Gateway<\/title>\n<meta name=\"robots\" content=\"index, follow, max-snippet:-1, max-image-preview:large, max-video-preview:-1\" \/>\n<link rel=\"canonical\" href=\"https:\/\/punchout-gateway.com\/es\/politica-de-privacidad\/\" \/>\n<meta property=\"og:locale\" content=\"es_ES\" \/>\n<meta property=\"og:type\" content=\"article\" \/>\n<meta property=\"og:title\" content=\"Pol\u00edtica de privacidad - PunchOut Gateway\" \/>\n<meta property=\"og:description\" content=\"Aviso de informaci\u00f3n para los interesados conforme al art\u00edculo 13 del Reglamento Europeo UE 2016\/679Reglamento relativo a la protecci\u00f3n de las personas f\u00edsicas en lo que respecta al tratamiento de datos personalesRGPD (Reglamento General de Protecci\u00f3n de Datos \u2013 Reglamento UE 679\/2016)C\u00f3digo de Privacidad D.Lgs 196\/2003 (modificado por D.Lgs 101\/2018)WEBLINK SRL desea informar a los...\" \/>\n<meta property=\"og:url\" content=\"https:\/\/punchout-gateway.com\/es\/politica-de-privacidad\/\" \/>\n<meta property=\"og:site_name\" content=\"PunchOut Gateway\" \/>\n<meta property=\"article:modified_time\" content=\"2026-03-12T13:07:11+00:00\" \/>\n<meta name=\"twitter:card\" content=\"summary_large_image\" \/>\n<meta name=\"twitter:label1\" content=\"Tiempo de lectura\" \/>\n\t<meta name=\"twitter:data1\" content=\"11 minutos\" \/>\n<script type=\"application\/ld+json\" class=\"yoast-schema-graph\">{\"@context\":\"https:\\\/\\\/schema.org\",\"@graph\":[{\"@type\":\"WebPage\",\"@id\":\"https:\\\/\\\/punchout-gateway.com\\\/es\\\/politica-de-privacidad\\\/\",\"url\":\"https:\\\/\\\/punchout-gateway.com\\\/es\\\/politica-de-privacidad\\\/\",\"name\":\"Pol\u00edtica de privacidad - PunchOut Gateway\",\"isPartOf\":{\"@id\":\"https:\\\/\\\/punchout-gateway.com\\\/es\\\/#website\"},\"datePublished\":\"2025-11-27T14:23:14+00:00\",\"dateModified\":\"2026-03-12T13:07:11+00:00\",\"breadcrumb\":{\"@id\":\"https:\\\/\\\/punchout-gateway.com\\\/es\\\/politica-de-privacidad\\\/#breadcrumb\"},\"inLanguage\":\"es\",\"potentialAction\":[{\"@type\":\"ReadAction\",\"target\":[\"https:\\\/\\\/punchout-gateway.com\\\/es\\\/politica-de-privacidad\\\/\"]}]},{\"@type\":\"BreadcrumbList\",\"@id\":\"https:\\\/\\\/punchout-gateway.com\\\/es\\\/politica-de-privacidad\\\/#breadcrumb\",\"itemListElement\":[{\"@type\":\"ListItem\",\"position\":1,\"name\":\"Inicio\",\"item\":\"https:\\\/\\\/punchout-gateway.com\\\/es\\\/\"},{\"@type\":\"ListItem\",\"position\":2,\"name\":\"Pol\u00edtica de privacidad\"}]},{\"@type\":\"WebSite\",\"@id\":\"https:\\\/\\\/punchout-gateway.com\\\/es\\\/#website\",\"url\":\"https:\\\/\\\/punchout-gateway.com\\\/es\\\/\",\"name\":\"PunchOut Gateway\",\"description\":\"\",\"publisher\":{\"@id\":\"https:\\\/\\\/punchout-gateway.com\\\/es\\\/#organization\"},\"potentialAction\":[{\"@type\":\"SearchAction\",\"target\":{\"@type\":\"EntryPoint\",\"urlTemplate\":\"https:\\\/\\\/punchout-gateway.com\\\/es\\\/?s={search_term_string}\"},\"query-input\":{\"@type\":\"PropertyValueSpecification\",\"valueRequired\":true,\"valueName\":\"search_term_string\"}}],\"inLanguage\":\"es\"},{\"@type\":\"Organization\",\"@id\":\"https:\\\/\\\/punchout-gateway.com\\\/es\\\/#organization\",\"name\":\"PunchOut Gateway\",\"url\":\"https:\\\/\\\/punchout-gateway.com\\\/es\\\/\",\"logo\":{\"@type\":\"ImageObject\",\"inLanguage\":\"es\",\"@id\":\"https:\\\/\\\/punchout-gateway.com\\\/es\\\/#\\\/schema\\\/logo\\\/image\\\/\",\"url\":\"https:\\\/\\\/punchout-gateway.com\\\/wp-content\\\/uploads\\\/punchout.png\",\"contentUrl\":\"https:\\\/\\\/punchout-gateway.com\\\/wp-content\\\/uploads\\\/punchout.png\",\"width\":200,\"height\":161,\"caption\":\"PunchOut Gateway\"},\"image\":{\"@id\":\"https:\\\/\\\/punchout-gateway.com\\\/es\\\/#\\\/schema\\\/logo\\\/image\\\/\"}}]}<\/script>\n<!-- \/ Yoast SEO plugin. -->","yoast_head_json":{"title":"Pol\u00edtica de privacidad - PunchOut Gateway","robots":{"index":"index","follow":"follow","max-snippet":"max-snippet:-1","max-image-preview":"max-image-preview:large","max-video-preview":"max-video-preview:-1"},"canonical":"https:\/\/punchout-gateway.com\/es\/politica-de-privacidad\/","og_locale":"es_ES","og_type":"article","og_title":"Pol\u00edtica de privacidad - PunchOut Gateway","og_description":"Aviso de informaci\u00f3n para los interesados conforme al art\u00edculo 13 del Reglamento Europeo UE 2016\/679Reglamento relativo a la protecci\u00f3n de las personas f\u00edsicas en lo que respecta al tratamiento de datos personalesRGPD (Reglamento General de Protecci\u00f3n de Datos \u2013 Reglamento UE 679\/2016)C\u00f3digo de Privacidad D.Lgs 196\/2003 (modificado por D.Lgs 101\/2018)WEBLINK SRL desea informar a los...","og_url":"https:\/\/punchout-gateway.com\/es\/politica-de-privacidad\/","og_site_name":"PunchOut Gateway","article_modified_time":"2026-03-12T13:07:11+00:00","twitter_card":"summary_large_image","twitter_misc":{"Tiempo de lectura":"11 minutos"},"schema":{"@context":"https:\/\/schema.org","@graph":[{"@type":"WebPage","@id":"https:\/\/punchout-gateway.com\/es\/politica-de-privacidad\/","url":"https:\/\/punchout-gateway.com\/es\/politica-de-privacidad\/","name":"Pol\u00edtica de privacidad - PunchOut Gateway","isPartOf":{"@id":"https:\/\/punchout-gateway.com\/es\/#website"},"datePublished":"2025-11-27T14:23:14+00:00","dateModified":"2026-03-12T13:07:11+00:00","breadcrumb":{"@id":"https:\/\/punchout-gateway.com\/es\/politica-de-privacidad\/#breadcrumb"},"inLanguage":"es","potentialAction":[{"@type":"ReadAction","target":["https:\/\/punchout-gateway.com\/es\/politica-de-privacidad\/"]}]},{"@type":"BreadcrumbList","@id":"https:\/\/punchout-gateway.com\/es\/politica-de-privacidad\/#breadcrumb","itemListElement":[{"@type":"ListItem","position":1,"name":"Inicio","item":"https:\/\/punchout-gateway.com\/es\/"},{"@type":"ListItem","position":2,"name":"Pol\u00edtica de privacidad"}]},{"@type":"WebSite","@id":"https:\/\/punchout-gateway.com\/es\/#website","url":"https:\/\/punchout-gateway.com\/es\/","name":"PunchOut Gateway","description":"","publisher":{"@id":"https:\/\/punchout-gateway.com\/es\/#organization"},"potentialAction":[{"@type":"SearchAction","target":{"@type":"EntryPoint","urlTemplate":"https:\/\/punchout-gateway.com\/es\/?s={search_term_string}"},"query-input":{"@type":"PropertyValueSpecification","valueRequired":true,"valueName":"search_term_string"}}],"inLanguage":"es"},{"@type":"Organization","@id":"https:\/\/punchout-gateway.com\/es\/#organization","name":"PunchOut Gateway","url":"https:\/\/punchout-gateway.com\/es\/","logo":{"@type":"ImageObject","inLanguage":"es","@id":"https:\/\/punchout-gateway.com\/es\/#\/schema\/logo\/image\/","url":"https:\/\/punchout-gateway.com\/wp-content\/uploads\/punchout.png","contentUrl":"https:\/\/punchout-gateway.com\/wp-content\/uploads\/punchout.png","width":200,"height":161,"caption":"PunchOut Gateway"},"image":{"@id":"https:\/\/punchout-gateway.com\/es\/#\/schema\/logo\/image\/"}}]}},"_links":{"self":[{"href":"https:\/\/punchout-gateway.com\/es\/wp-json\/wp\/v2\/pages\/333","targetHints":{"allow":["GET"]}}],"collection":[{"href":"https:\/\/punchout-gateway.com\/es\/wp-json\/wp\/v2\/pages"}],"about":[{"href":"https:\/\/punchout-gateway.com\/es\/wp-json\/wp\/v2\/types\/page"}],"author":[{"embeddable":true,"href":"https:\/\/punchout-gateway.com\/es\/wp-json\/wp\/v2\/users\/1"}],"replies":[{"embeddable":true,"href":"https:\/\/punchout-gateway.com\/es\/wp-json\/wp\/v2\/comments?post=333"}],"version-history":[{"count":1,"href":"https:\/\/punchout-gateway.com\/es\/wp-json\/wp\/v2\/pages\/333\/revisions"}],"predecessor-version":[{"id":341,"href":"https:\/\/punchout-gateway.com\/es\/wp-json\/wp\/v2\/pages\/333\/revisions\/341"}],"wp:attachment":[{"href":"https:\/\/punchout-gateway.com\/es\/wp-json\/wp\/v2\/media?parent=333"}],"curies":[{"name":"wp","href":"https:\/\/api.w.org\/{rel}","templated":true}]}}